{"id":17374,"date":"2026-04-14T19:39:08","date_gmt":"2026-04-14T19:39:08","guid":{"rendered":"https:\/\/mwdesign.hu\/?page_id=17374"},"modified":"2026-04-14T19:44:21","modified_gmt":"2026-04-14T19:44:21","slug":"tovabbi-inspiraciok","status":"publish","type":"page","link":"https:\/\/mwdesign.hu\/en\/shop\/tovabbi-inspiraciok\/","title":{"rendered":"Tov\u00e1bb inspir\u00e1ci\u00f3k"},"content":{"rendered":"\t\t<div data-elementor-type=\"wp-page\" data-elementor-id=\"17374\" class=\"elementor elementor-17374\" data-elementor-post-type=\"page\">\n\t\t\t\t<div class=\"elementor-element elementor-element-f93f96e e-flex e-con-boxed e-con e-parent\" data-id=\"f93f96e\" data-element_type=\"container\" data-e-type=\"container\" data-settings=\"{&quot;background_background&quot;:&quot;classic&quot;}\">\n\t\t\t\t\t<div class=\"e-con-inner\">\n\t\t<div class=\"elementor-element elementor-element-9908f72 e-con-full e-flex e-con e-child\" data-id=\"9908f72\" data-element_type=\"container\" data-e-type=\"container\">\n\t\t<div class=\"elementor-element elementor-element-679c499 e-con-full e-flex elementor-invisible e-con e-child\" data-id=\"679c499\" data-element_type=\"container\" data-e-type=\"container\" data-settings=\"{&quot;animation&quot;:&quot;fadeIn&quot;}\">\n\t\t\t\t<div class=\"elementor-element elementor-element-e98fbb6 shop-v2-title-home elementor-widget elementor-widget-heading\" data-id=\"e98fbb6\" data-element_type=\"widget\" data-e-type=\"widget\" data-widget_type=\"heading.default\">\n\t\t\t\t<div class=\"elementor-widget-container\">\n\t\t\t\t\t<h1 class=\"elementor-heading-title elementor-size-default\">Design t\u00f6rt\u00e9netek<\/h1>\t\t\t\t<\/div>\n\t\t\t\t<\/div>\n\t\t\t\t<\/div>\n\t\t\t\t<\/div>\n\t\t<div class=\"elementor-element elementor-element-bff69b7 e-con-full e-flex e-con e-child\" data-id=\"bff69b7\" data-element_type=\"container\" data-e-type=\"container\">\n\t\t\t\t<div class=\"elementor-element elementor-element-6cfed4d elementor-grid-3 elementor-grid-tablet-2 elementor-grid-mobile-1 elementor-widget elementor-widget-loop-grid\" data-id=\"6cfed4d\" data-element_type=\"widget\" data-e-type=\"widget\" data-settings=\"{&quot;template_id&quot;:16387,&quot;pagination_type&quot;:&quot;load_more_on_click&quot;,&quot;_skin&quot;:&quot;post&quot;,&quot;columns&quot;:&quot;3&quot;,&quot;columns_tablet&quot;:&quot;2&quot;,&quot;columns_mobile&quot;:&quot;1&quot;,&quot;edit_handle_selector&quot;:&quot;[data-elementor-type=\\&quot;loop-item\\&quot;]&quot;,&quot;load_more_spinner&quot;:{&quot;value&quot;:&quot;fas fa-spinner&quot;,&quot;library&quot;:&quot;fa-solid&quot;},&quot;row_gap&quot;:{&quot;unit&quot;:&quot;px&quot;,&quot;size&quot;:&quot;&quot;,&quot;sizes&quot;:[]},&quot;row_gap_tablet&quot;:{&quot;unit&quot;:&quot;px&quot;,&quot;size&quot;:&quot;&quot;,&quot;sizes&quot;:[]},&quot;row_gap_mobile&quot;:{&quot;unit&quot;:&quot;px&quot;,&quot;size&quot;:&quot;&quot;,&quot;sizes&quot;:[]}}\" data-widget_type=\"loop-grid.post\">\n\t\t\t\t<div class=\"elementor-widget-container\">\n\t\t\t\t\t\t\t<div class=\"elementor-loop-container elementor-grid\" role=\"list\">\n\t\t<style id=\"loop-16387\">.elementor-16387 .elementor-element.elementor-element-a07fdb1{--display:flex;--flex-direction:column;--container-widget-width:100%;--container-widget-height:initial;--container-widget-flex-grow:0;--container-widget-align-self:initial;--flex-wrap-mobile:wrap;--justify-content:flex-end;--gap:0px 0px;--row-gap:0px;--column-gap:0px;--margin-top:0px;--margin-bottom:0px;--margin-left:0px;--margin-right:0px;--padding-top:0px;--padding-bottom:0px;--padding-left:0px;--padding-right:0px;}.elementor-16387 .elementor-element.elementor-element-33193a2{--display:flex;--min-height:400px;--margin-top:0px;--margin-bottom:0px;--margin-left:0px;--margin-right:0px;--padding-top:0px;--padding-bottom:0px;--padding-left:0px;--padding-right:0px;}.elementor-widget-theme-post-featured-image .widget-image-caption{color:var( --e-global-color-text );font-family:var( --e-global-typography-text-font-family ), Sans-serif;font-size:var( --e-global-typography-text-font-size );font-weight:var( --e-global-typography-text-font-weight );line-height:var( --e-global-typography-text-line-height );letter-spacing:var( --e-global-typography-text-letter-spacing );}.elementor-16387 .elementor-element.elementor-element-be3dd0e img{width:100%;max-width:100%;height:400px;object-fit:cover;object-position:center center;filter:brightness( 70% ) contrast( 100% ) saturate( 100% ) blur( 0px ) hue-rotate( 0deg );transition-duration:0.3s;}.elementor-16387 .elementor-element.elementor-element-be3dd0e:hover img{filter:brightness( 100% ) contrast( 100% ) saturate( 100% ) blur( 0px ) hue-rotate( 0deg );}.elementor-16387 .elementor-element.elementor-element-4dd5627{--display:flex;--margin-top:0px;--margin-bottom:0px;--margin-left:0px;--margin-right:0px;--padding-top:0px;--padding-bottom:0px;--padding-left:0px;--padding-right:0px;--position:absolute;bottom:0px;--z-index:0;}body:not(.rtl) .elementor-16387 .elementor-element.elementor-element-4dd5627{left:0px;}body.rtl .elementor-16387 .elementor-element.elementor-element-4dd5627{right:0px;}.elementor-widget-theme-post-title .elementor-heading-title{font-family:var( --e-global-typography-primary-font-family ), Sans-serif;font-weight:var( --e-global-typography-primary-font-weight );color:var( --e-global-color-primary );}.elementor-16387 .elementor-element.elementor-element-31cf5ea .elementor-heading-title{font-family:\"Poppins\", Sans-serif;font-size:24px;font-weight:600;line-height:30px;letter-spacing:1.5px;color:var( --e-global-color-secondary );}.elementor-16387 .elementor-element.elementor-element-31cf5ea .elementor-heading-title a:hover, .elementor-16387 .elementor-element.elementor-element-31cf5ea .elementor-heading-title a:focus{color:var( --e-global-color-accent );}.elementor-16387 .elementor-element.elementor-element-31cf5ea > .elementor-widget-container{padding:0px 100px 10px 20px;}body:not(.rtl) .elementor-16387 .elementor-element.elementor-element-31cf5ea{left:0px;}body.rtl .elementor-16387 .elementor-element.elementor-element-31cf5ea{right:0px;}.elementor-16387 .elementor-element.elementor-element-31cf5ea{bottom:20px;}.elementor-16387 .elementor-element.elementor-element-4c6b6b5{--display:flex;--margin-top:0px;--margin-bottom:0px;--margin-left:0px;--margin-right:0px;--padding-top:0px;--padding-bottom:0px;--padding-left:0px;--padding-right:0px;}.elementor-widget-theme-post-excerpt .elementor-widget-container{font-family:var( --e-global-typography-text-font-family ), Sans-serif;font-size:var( --e-global-typography-text-font-size );font-weight:var( --e-global-typography-text-font-weight );line-height:var( --e-global-typography-text-line-height );letter-spacing:var( --e-global-typography-text-letter-spacing );color:var( --e-global-color-text );}.elementor-16387 .elementor-element.elementor-element-d600297 .elementor-widget-container{font-family:\"Poppins\", Sans-serif;font-size:14px;font-weight:600;line-height:22px;letter-spacing:0.5px;}.elementor-16387 .elementor-element.elementor-element-d600297 > .elementor-widget-container{padding:10px 10px 10px 20px;}@media(max-width:1024px){.elementor-widget-theme-post-featured-image .widget-image-caption{font-size:var( --e-global-typography-text-font-size );line-height:var( --e-global-typography-text-line-height );letter-spacing:var( --e-global-typography-text-letter-spacing );}.elementor-widget-theme-post-excerpt .elementor-widget-container{font-size:var( --e-global-typography-text-font-size );line-height:var( --e-global-typography-text-line-height );letter-spacing:var( --e-global-typography-text-letter-spacing );}}@media(max-width:767px){.elementor-widget-theme-post-featured-image .widget-image-caption{font-size:var( --e-global-typography-text-font-size );line-height:var( --e-global-typography-text-line-height );letter-spacing:var( --e-global-typography-text-letter-spacing );}.elementor-16387 .elementor-element.elementor-element-31cf5ea > .elementor-widget-container{padding:0px 40px 10px 20px;}.elementor-widget-theme-post-excerpt .elementor-widget-container{font-size:var( --e-global-typography-text-font-size );line-height:var( --e-global-typography-text-line-height );letter-spacing:var( --e-global-typography-text-letter-spacing );}}\/* Start custom CSS for container, class: .elementor-element-4dd5627 *\/.elementor-16387 .elementor-element.elementor-element-4dd5627 {\n    bottom: -20px;\n    display: block;\n    position: absolute;\n}\/* End custom CSS *\/<\/style>\t\t<div data-elementor-type=\"loop-item\" data-elementor-id=\"16387\" class=\"elementor elementor-16387 e-loop-item e-loop-item-16237 post-16237 post type-post status-publish format-standard has-post-thumbnail hentry category-aktualitasok category-shop-blog tag-egyedi-butortrendek tag-idotallo-minoseg tag-ikonikus-nappali tag-kezmuvesseg tag-mw-design tag-szemelyre-szabott-design\" data-elementor-post-type=\"elementor_library\" data-custom-edit-handle=\"1\">\n\t\t\t<div class=\"elementor-element elementor-element-a07fdb1 e-flex e-con-boxed e-con e-parent\" data-id=\"a07fdb1\" data-element_type=\"container\" data-e-type=\"container\">\n\t\t\t\t\t<div class=\"e-con-inner\">\n\t\t<a class=\"elementor-element elementor-element-33193a2 e-con-full e-flex e-con e-child\" data-id=\"33193a2\" data-element_type=\"container\" data-e-type=\"container\" href=\"https:\/\/mwdesign.hu\/en\/how-to-design-an-iconic-living-room\/\">\n\t\t\t\t<div class=\"elementor-element elementor-element-be3dd0e elementor-widget elementor-widget-theme-post-featured-image elementor-widget-image\" data-id=\"be3dd0e\" data-element_type=\"widget\" data-e-type=\"widget\" data-widget_type=\"theme-post-featured-image.default\">\n\t\t\t\t<div class=\"elementor-widget-container\">\n\t\t\t\t\t\t\t\t\t\t\t\t\t\t\t<img fetchpriority=\"high\" decoding=\"async\" width=\"1024\" height=\"576\" src=\"https:\/\/mwdesign.hu\/wp-content\/uploads\/2026\/02\/mwdesign-hogyan-tervezznk-nappalit-2-1024x576.webp\" class=\"attachment-large size-large wp-image-16241\" alt=\"\" srcset=\"https:\/\/mwdesign.hu\/wp-content\/uploads\/2026\/02\/mwdesign-hogyan-tervezznk-nappalit-2-1024x576.webp 1024w, https:\/\/mwdesign.hu\/wp-content\/uploads\/2026\/02\/mwdesign-hogyan-tervezznk-nappalit-2-600x338.webp 600w, https:\/\/mwdesign.hu\/wp-content\/uploads\/2026\/02\/mwdesign-hogyan-tervezznk-nappalit-2-768x432.webp 768w, https:\/\/mwdesign.hu\/wp-content\/uploads\/2026\/02\/mwdesign-hogyan-tervezznk-nappalit-2-18x10.webp 18w, https:\/\/mwdesign.hu\/wp-content\/uploads\/2026\/02\/mwdesign-hogyan-tervezznk-nappalit-2-200x113.webp 200w, https:\/\/mwdesign.hu\/wp-content\/uploads\/2026\/02\/mwdesign-hogyan-tervezznk-nappalit-2.webp 1200w\" sizes=\"(max-width: 1024px) 100vw, 1024px\" \/>\t\t\t\t\t\t\t\t\t\t\t\t\t\t\t<\/div>\n\t\t\t\t<\/div>\n\t\t\t\t<\/a>\n\t\t<div class=\"elementor-element elementor-element-4dd5627 e-con-full e-flex e-con e-child\" data-id=\"4dd5627\" data-element_type=\"container\" data-e-type=\"container\" data-settings=\"{&quot;position&quot;:&quot;absolute&quot;}\">\n\t\t\t\t<div class=\"elementor-element elementor-element-31cf5ea elementor-absolute elementor-widget elementor-widget-theme-post-title elementor-page-title elementor-widget-heading\" data-id=\"31cf5ea\" data-element_type=\"widget\" data-e-type=\"widget\" data-settings=\"{&quot;_position&quot;:&quot;absolute&quot;}\" data-widget_type=\"theme-post-title.default\">\n\t\t\t\t<div class=\"elementor-widget-container\">\n\t\t\t\t\t<h1 class=\"elementor-heading-title elementor-size-default\"><a href=\"https:\/\/mwdesign.hu\/en\/how-to-design-an-iconic-living-room\/\">Hogyan tervezz ikonikus nappalit?<\/a><\/h1>\t\t\t\t<\/div>\n\t\t\t\t<\/div>\n\t\t\t\t<\/div>\n\t\t\t\t\t<\/div>\n\t\t\t\t<\/div>\n\t\t<div class=\"elementor-element elementor-element-4c6b6b5 e-flex e-con-boxed e-con e-parent\" data-id=\"4c6b6b5\" data-element_type=\"container\" data-e-type=\"container\">\n\t\t\t\t\t<div class=\"e-con-inner\">\n\t\t\t\t<div class=\"elementor-element elementor-element-d600297 elementor-widget elementor-widget-theme-post-excerpt\" data-id=\"d600297\" data-element_type=\"widget\" data-e-type=\"widget\" data-widget_type=\"theme-post-excerpt.default\">\n\t\t\t\t<div class=\"elementor-widget-container\">\n\t\t\t\t\tHogyan lesz egy nappali igaz\u00e1n ikonikus? Fedezd fel a statement darabok erej\u00e9t, a tudatos vil\u00e1g\u00edt\u00e1st \u00e9s az anyaghaszn\u00e1lat titkait pr\u00e9mium enteri\u0151r\u00f6kben.\t\t\t\t<\/div>\n\t\t\t\t<\/div>\n\t\t\t\t\t<\/div>\n\t\t\t\t<\/div>\n\t\t\t\t<\/div>\n\t\t\t\t<div data-elementor-type=\"loop-item\" data-elementor-id=\"16387\" class=\"elementor elementor-16387 e-loop-item e-loop-item-15344 post-15344 post type-post status-publish format-standard has-post-thumbnail hentry category-aktualitasok category-shop-blog tag-egyedi-butortrendek tag-es-idotallo-minoseg tag-kezmuvesseg tag-mw-design tag-szemelyre-szabott-design\" data-elementor-post-type=\"elementor_library\" data-custom-edit-handle=\"1\">\n\t\t\t<div class=\"elementor-element elementor-element-a07fdb1 e-flex e-con-boxed e-con e-parent\" data-id=\"a07fdb1\" data-element_type=\"container\" data-e-type=\"container\">\n\t\t\t\t\t<div class=\"e-con-inner\">\n\t\t<a class=\"elementor-element elementor-element-33193a2 e-con-full e-flex e-con e-child\" data-id=\"33193a2\" data-element_type=\"container\" data-e-type=\"container\" href=\"https:\/\/mwdesign.hu\/en\/what-it-makes-unique\/\">\n\t\t\t\t<div class=\"elementor-element elementor-element-be3dd0e elementor-widget elementor-widget-theme-post-featured-image elementor-widget-image\" data-id=\"be3dd0e\" data-element_type=\"widget\" data-e-type=\"widget\" data-widget_type=\"theme-post-featured-image.default\">\n\t\t\t\t<div class=\"elementor-widget-container\">\n\t\t\t\t\t\t\t\t\t\t\t\t\t\t\t<img decoding=\"async\" width=\"523\" height=\"350\" src=\"https:\/\/mwdesign.hu\/wp-content\/uploads\/2026\/01\/mwdesign-mitol-egyedi-post-featured.webp\" class=\"attachment-large size-large wp-image-15366\" alt=\"\" srcset=\"https:\/\/mwdesign.hu\/wp-content\/uploads\/2026\/01\/mwdesign-mitol-egyedi-post-featured.webp 523w, https:\/\/mwdesign.hu\/wp-content\/uploads\/2026\/01\/mwdesign-mitol-egyedi-post-featured-18x12.webp 18w, https:\/\/mwdesign.hu\/wp-content\/uploads\/2026\/01\/mwdesign-mitol-egyedi-post-featured-200x134.webp 200w\" sizes=\"(max-width: 523px) 100vw, 523px\" \/>\t\t\t\t\t\t\t\t\t\t\t\t\t\t\t<\/div>\n\t\t\t\t<\/div>\n\t\t\t\t<\/a>\n\t\t<div class=\"elementor-element elementor-element-4dd5627 e-con-full e-flex e-con e-child\" data-id=\"4dd5627\" data-element_type=\"container\" data-e-type=\"container\" data-settings=\"{&quot;position&quot;:&quot;absolute&quot;}\">\n\t\t\t\t<div class=\"elementor-element elementor-element-31cf5ea elementor-absolute elementor-widget elementor-widget-theme-post-title elementor-page-title elementor-widget-heading\" data-id=\"31cf5ea\" data-element_type=\"widget\" data-e-type=\"widget\" data-settings=\"{&quot;_position&quot;:&quot;absolute&quot;}\" data-widget_type=\"theme-post-title.default\">\n\t\t\t\t<div class=\"elementor-widget-container\">\n\t\t\t\t\t<h1 class=\"elementor-heading-title elementor-size-default\"><a href=\"https:\/\/mwdesign.hu\/en\/what-it-makes-unique\/\">Egyedi b\u00fator: mi\u00e9rt lesz az \u00e1lomb\u00f3l kompromisszum?<\/a><\/h1>\t\t\t\t<\/div>\n\t\t\t\t<\/div>\n\t\t\t\t<\/div>\n\t\t\t\t\t<\/div>\n\t\t\t\t<\/div>\n\t\t<div class=\"elementor-element elementor-element-4c6b6b5 e-flex e-con-boxed e-con e-parent\" data-id=\"4c6b6b5\" data-element_type=\"container\" data-e-type=\"container\">\n\t\t\t\t\t<div class=\"e-con-inner\">\n\t\t\t\t<div class=\"elementor-element elementor-element-d600297 elementor-widget elementor-widget-theme-post-excerpt\" data-id=\"d600297\" data-element_type=\"widget\" data-e-type=\"widget\" data-widget_type=\"theme-post-excerpt.default\">\n\t\t\t\t<div class=\"elementor-widget-container\">\n\t\t\t\t\tMi\u00e9rt nem teljes\u00fcl sokszor az \u201eegyedi b\u00fator\u201d \u00edg\u00e9rete? Hogyan ker\u00fclje el a kompromisszumokat, anyagcser\u00e9ket \u00e9s gyenge megold\u00e1sokat?\t\t\t\t<\/div>\n\t\t\t\t<\/div>\n\t\t\t\t\t<\/div>\n\t\t\t\t<\/div>\n\t\t\t\t<\/div>\n\t\t\t\t<\/div>\n\t\t\t\t\t<span class=\"e-load-more-spinner\">\n\t\t\t\t<svg aria-hidden=\"true\" class=\"e-font-icon-svg e-fas-spinner\" viewBox=\"0 0 512 512\" xmlns=\"http:\/\/www.w3.org\/2000\/svg\"><path d=\"M304 48c0 26.51-21.49 48-48 48s-48-21.49-48-48 21.49-48 48-48 48 21.49 48 48zm-48 368c-26.51 0-48 21.49-48 48s21.49 48 48 48 48-21.49 48-48-21.49-48-48-48zm208-208c-26.51 0-48 21.49-48 48s21.49 48 48 48 48-21.49 48-48-21.49-48-48-48zM96 256c0-26.51-21.49-48-48-48S0 229.49 0 256s21.49 48 48 48 48-21.49 48-48zm12.922 99.078c-26.51 0-48 21.49-48 48s21.49 48 48 48 48-21.49 48-48c0-26.509-21.491-48-48-48zm294.156 0c-26.51 0-48 21.49-48 48s21.49 48 48 48 48-21.49 48-48c0-26.509-21.49-48-48-48zM108.922 60.922c-26.51 0-48 21.49-48 48s21.49 48 48 48 48-21.49 48-48-21.491-48-48-48z\"><\/path><\/svg>\t\t\t<\/span>\n\t\t\n\t\t\t\t\t\t<\/div>\n\t\t\t\t<\/div>\n\t\t\t\t<\/div>\n\t\t\t\t\t<\/div>\n\t\t\t\t<\/div>\n\t\t\t\t<\/div>\n\t\t","protected":false},"excerpt":{"rendered":"<p>Design t\u00f6rt\u00e9netek<\/p>","protected":false},"author":1,"featured_media":0,"parent":3994,"menu_order":0,"comment_status":"closed","ping_status":"closed","template":"elementor_header_footer","meta":{"_monsterinsights_skip_tracking":false,"_monsterinsights_sitenote_active":false,"_monsterinsights_sitenote_note":"","_monsterinsights_sitenote_category":0,"site-sidebar-layout":"no-sidebar","site-content-layout":"","ast-site-content-layout":"full-width-container","site-content-style":"default","site-sidebar-style":"default","ast-global-header-display":"","ast-banner-title-visibility":"","ast-main-header-display":"","ast-hfb-above-header-display":"","ast-hfb-below-header-display":"","ast-hfb-mobile-header-display":"","site-post-title":"","ast-breadcrumbs-content":"","ast-featured-img":"disabled","footer-sml-layout":"","ast-disable-related-posts":"","theme-transparent-header-meta":"","adv-header-id-meta":"","stick-header-meta":"","header-above-stick-meta":"","header-main-stick-meta":"","header-below-stick-meta":"","astra-migrate-meta-layouts":"default","ast-page-background-enabled":"default","ast-page-background-meta":{"desktop":{"background-color":"var(--ast-global-color-4)","background-image":"","background-repeat":"repeat","background-position":"center center","background-size":"auto","background-attachment":"scroll","background-type":"","background-media":"","overlay-type":"","overlay-color":"","overlay-opacity":"","overlay-gradient":""},"tablet":{"background-color":"","background-image":"","background-repeat":"repeat","background-position":"center center","background-size":"auto","background-attachment":"scroll","background-type":"","background-media":"","overlay-type":"","overlay-color":"","overlay-opacity":"","overlay-gradient":""},"mobile":{"background-color":"","background-image":"","background-repeat":"repeat","background-position":"center center","background-size":"auto","background-attachment":"scroll","background-type":"","background-media":"","overlay-type":"","overlay-color":"","overlay-opacity":"","overlay-gradient":""}},"ast-content-background-meta":{"desktop":{"background-color":"var(--ast-global-color-5)","background-image":"","background-repeat":"repeat","background-position":"center center","background-size":"auto","background-attachment":"scroll","background-type":"","background-media":"","overlay-type":"","overlay-color":"","overlay-opacity":"","overlay-gradient":""},"tablet":{"background-color":"var(--ast-global-color-5)","background-image":"","background-repeat":"repeat","background-position":"center center","background-size":"auto","background-attachment":"scroll","background-type":"","background-media":"","overlay-type":"","overlay-color":"","overlay-opacity":"","overlay-gradient":""},"mobile":{"background-color":"var(--ast-global-color-5)","background-image":"","background-repeat":"repeat","background-position":"center center","background-size":"auto","background-attachment":"scroll","background-type":"","background-media":"","overlay-type":"","overlay-color":"","overlay-opacity":"","overlay-gradient":""}},"footnotes":""},"class_list":["post-17374","page","type-page","status-publish","hentry"],"aioseo_notices":[],"_links":{"self":[{"href":"https:\/\/mwdesign.hu\/en\/wp-json\/wp\/v2\/pages\/17374","targetHints":{"allow":["GET"]}}],"collection":[{"href":"https:\/\/mwdesign.hu\/en\/wp-json\/wp\/v2\/pages"}],"about":[{"href":"https:\/\/mwdesign.hu\/en\/wp-json\/wp\/v2\/types\/page"}],"author":[{"embeddable":true,"href":"https:\/\/mwdesign.hu\/en\/wp-json\/wp\/v2\/users\/1"}],"replies":[{"embeddable":true,"href":"https:\/\/mwdesign.hu\/en\/wp-json\/wp\/v2\/comments?post=17374"}],"version-history":[{"count":3,"href":"https:\/\/mwdesign.hu\/en\/wp-json\/wp\/v2\/pages\/17374\/revisions"}],"predecessor-version":[{"id":17385,"href":"https:\/\/mwdesign.hu\/en\/wp-json\/wp\/v2\/pages\/17374\/revisions\/17385"}],"up":[{"embeddable":true,"href":"https:\/\/mwdesign.hu\/en\/wp-json\/wp\/v2\/pages\/3994"}],"wp:attachment":[{"href":"https:\/\/mwdesign.hu\/en\/wp-json\/wp\/v2\/media?parent=17374"}],"curies":[{"name":"wp","href":"https:\/\/api.w.org\/{rel}","templated":true}]}}