{"id":2209,"date":"2023-09-15T08:38:10","date_gmt":"2023-09-15T08:38:10","guid":{"rendered":"https:\/\/mwdesign.hu\/?page_id=2209"},"modified":"2023-09-15T08:47:26","modified_gmt":"2023-09-15T08:47:26","slug":"comingsoon","status":"publish","type":"page","link":"https:\/\/mwdesign.hu\/en\/comingsoon\/","title":{"rendered":"Comingsoon"},"content":{"rendered":"<div data-elementor-type=\"wp-page\" data-elementor-id=\"2209\" class=\"elementor elementor-2209\" data-elementor-post-type=\"page\">\n\t\t\t\t<div class=\"elementor-element elementor-element-4b0ca79 e-flex e-con-boxed e-con e-parent\" data-id=\"4b0ca79\" data-element_type=\"container\" data-e-type=\"container\" data-settings=\"{&quot;background_background&quot;:&quot;classic&quot;}\">\n\t\t\t\t\t<div class=\"e-con-inner\">\n\t\t<div class=\"elementor-element elementor-element-6d1a2c6 e-flex e-con-boxed e-con e-parent\" data-id=\"6d1a2c6\" data-element_type=\"container\" data-e-type=\"container\">\n\t\t\t\t\t<div class=\"e-con-inner\">\n\t\t<div class=\"elementor-element elementor-element-08b6d31 e-con-full e-flex e-con e-parent\" data-id=\"08b6d31\" data-element_type=\"container\" data-e-type=\"container\">\n\t\t\t\t<div class=\"elementor-element elementor-element-aaefb52 elementor-widget elementor-widget-image\" data-id=\"aaefb52\" data-element_type=\"widget\" data-e-type=\"widget\" data-widget_type=\"image.default\">\n\t\t\t\t<div class=\"elementor-widget-container\">\n\t\t\t\t\t\t\t\t\t\t\t\t\t\t\t<img fetchpriority=\"high\" decoding=\"async\" width=\"528\" height=\"600\" src=\"https:\/\/mwdesign.hu\/wp-content\/uploads\/2023\/08\/MW_logo_nagy_730x830-528x600.png\" class=\"attachment-medium size-medium wp-image-228\" alt=\"\" srcset=\"https:\/\/mwdesign.hu\/wp-content\/uploads\/2023\/08\/MW_logo_nagy_730x830-528x600.png 528w, https:\/\/mwdesign.hu\/wp-content\/uploads\/2023\/08\/MW_logo_nagy_730x830-176x200.png 176w, https:\/\/mwdesign.hu\/wp-content\/uploads\/2023\/08\/MW_logo_nagy_730x830-600x682.png 600w, https:\/\/mwdesign.hu\/wp-content\/uploads\/2023\/08\/MW_logo_nagy_730x830-11x12.png 11w, https:\/\/mwdesign.hu\/wp-content\/uploads\/2023\/08\/MW_logo_nagy_730x830-264x300.png 264w, https:\/\/mwdesign.hu\/wp-content\/uploads\/2023\/08\/MW_logo_nagy_730x830.png 730w\" sizes=\"(max-width: 528px) 100vw, 528px\" \/>\t\t\t\t\t\t\t\t\t\t\t\t\t\t\t<\/div>\n\t\t\t\t<\/div>\n\t\t\t\t<div class=\"elementor-element elementor-element-f1b203a elementor-widget elementor-widget-heading\" data-id=\"f1b203a\" data-element_type=\"widget\" data-e-type=\"widget\" data-widget_type=\"heading.default\">\n\t\t\t\t<div class=\"elementor-widget-container\">\n\t\t\t\t\t<h2 class=\"elementor-heading-title elementor-size-default\">coming soon<\/h2>\t\t\t\t<\/div>\n\t\t\t\t<\/div>\n\t\t\t\t<div class=\"elementor-element elementor-element-acffd86 elementor-grid-3 elementor-shape-rounded e-grid-align-center elementor-widget elementor-widget-social-icons\" data-id=\"acffd86\" data-element_type=\"widget\" data-e-type=\"widget\" data-widget_type=\"social-icons.default\">\n\t\t\t\t<div class=\"elementor-widget-container\">\n\t\t\t\t\t\t\t<div class=\"elementor-social-icons-wrapper elementor-grid\" role=\"list\">\n\t\t\t\t\t\t\t<span class=\"elementor-grid-item\" role=\"listitem\">\n\t\t\t\t\t<a class=\"elementor-icon elementor-social-icon elementor-social-icon- elementor-animation-grow elementor-repeater-item-33840f0\" href=\"https:\/\/www.facebook.com\/Mw.Design.hun\/\" target=\"_blank\">\n\t\t\t\t\t\t<span class=\"elementor-screen-only\"><\/span>\n\t\t\t\t\t\t<svg xmlns=\"http:\/\/www.w3.org\/2000\/svg\" width=\"26\" height=\"26\" viewbox=\"0 0 26 26\" fill=\"none\"><path d=\"M12.9673 0C5.79946 0 0 5.79946 0 12.9673C0 20.1352 5.79946 25.9347 12.9673 25.9347C20.1352 25.9347 25.9347 20.1352 25.9347 12.9673C25.8695 5.79946 20.07 0 12.9673 0ZM16.1603 13.4235H14.0751V20.9172H10.9473V13.4235H9.44856V10.7518H10.9473V9.05759C10.9473 7.8195 11.5338 5.92979 14.0751 5.92979H16.3558V8.53629H14.6616C14.4009 8.53629 14.0099 8.66661 14.0099 9.25307V10.817H16.3558L16.1603 13.4235Z\" fill=\"white\"><\/path><\/svg>\t\t\t\t\t<\/a>\n\t\t\t\t<\/span>\n\t\t\t\t\t\t\t<span class=\"elementor-grid-item\" role=\"listitem\">\n\t\t\t\t\t<a class=\"elementor-icon elementor-social-icon elementor-social-icon- elementor-animation-grow elementor-repeater-item-52aaecd\" href=\"https:\/\/www.instagram.com\/mwdesignbp\/\" target=\"_blank\">\n\t\t\t\t\t\t<span class=\"elementor-screen-only\"><\/span>\n\t\t\t\t\t\t<svg xmlns=\"http:\/\/www.w3.org\/2000\/svg\" width=\"27\" height=\"26\" viewbox=\"0 0 27 26\" fill=\"none\"><path d=\"M13.4001 15.5477C14.8373 15.5477 16.0132 14.3718 16.0132 12.9346C16.0132 12.3467 15.8172 11.8241 15.4906 11.4321C15.0333 10.7788 14.2494 10.3216 13.4001 10.3216C12.5509 10.3216 11.767 10.7788 11.3097 11.4321C10.9831 11.8894 10.7871 12.412 10.7871 12.9346C10.7871 14.4371 11.963 15.5477 13.4001 15.5477Z\" fill=\"white\"><\/path><path d=\"M19.0182 9.79894V7.31653H16.5358V9.79894H19.0182Z\" fill=\"white\"><\/path><path d=\"M13.4001 0C6.21422 0 0.400146 5.81407 0.400146 13C0.400146 20.1859 6.21422 26 13.4001 26C20.5861 26 26.4001 20.1859 26.4001 13C26.3348 5.81407 20.5207 0 13.4001 0ZM20.7821 17.4422C20.7821 19.0101 19.4755 20.3166 17.9077 20.3166H8.82728C7.25944 20.3166 5.95291 19.0101 5.95291 17.4422V8.42714C5.95291 6.8593 7.25944 5.55276 8.82728 5.55276H17.9077C19.4755 5.55276 20.7821 6.8593 20.7821 8.42714V17.4422Z\" fill=\"white\"><\/path><path d=\"M17.3851 13.0001C17.3851 15.2212 15.5559 17.0503 13.3348 17.0503C11.1137 17.0503 9.28457 15.2212 9.28457 13.0001C9.28457 12.4775 9.41522 11.9549 9.6112 11.4976H7.3901V17.5076C7.3901 18.2915 8.04336 18.9448 8.82728 18.9448H17.9077C18.6916 18.9448 19.3449 18.2915 19.3449 17.5076V11.4976H17.1238C17.3197 11.9549 17.3851 12.4121 17.3851 13.0001Z\" fill=\"white\"><\/path><\/svg>\t\t\t\t\t<\/a>\n\t\t\t\t<\/span>\n\t\t\t\t\t\t\t<span class=\"elementor-grid-item\" role=\"listitem\">\n\t\t\t\t\t<a class=\"elementor-icon elementor-social-icon elementor-social-icon- elementor-animation-grow elementor-repeater-item-57aee46\" href=\"https:\/\/www.tiktok.com\/@mwdesignbp\" target=\"_blank\">\n\t\t\t\t\t\t<span class=\"elementor-screen-only\"><\/span>\n\t\t\t\t\t\t<svg xmlns=\"http:\/\/www.w3.org\/2000\/svg\" width=\"26\" height=\"26\" viewbox=\"0 0 26 26\" fill=\"none\"><path fill-rule=\"evenodd\" clip-rule=\"evenodd\" d=\"M13 0C5.8198 0 0 5.8198 0 13C0 20.1793 5.8198 26 13 26C20.1793 26 26 20.1793 26 13C26 5.8198 20.1793 0 13 0ZM16.0206 9.48744V9.90616H16.0198V15.5304C16.0198 16.871 15.4916 18.1461 14.5439 19.0946C13.5962 20.0423 12.3202 20.5705 10.9805 20.5705C9.63994 20.5705 8.36484 20.0423 7.41713 19.0946C6.46942 18.1469 5.94128 16.871 5.94128 15.5304C5.94128 14.1898 6.46942 12.9147 7.41713 11.967C8.36484 11.0193 9.63994 10.4912 10.9805 10.4912H11.9153V13.1404H10.9797C10.343 13.1404 9.73901 13.3903 9.28928 13.8409C8.83955 14.2906 8.5897 14.8946 8.5897 15.5312C8.5897 16.1679 8.83955 16.7719 9.28928 17.2216C9.73901 17.6714 10.343 17.9221 10.9797 17.9221C11.6163 17.9221 12.2203 17.6714 12.67 17.2216C13.1198 16.7719 13.3696 16.1679 13.3696 15.5364V5.43038H16.0077L16.1395 5.67506C16.5505 6.43668 17.1044 7.1578 17.7911 7.6911C18.3227 8.10292 18.9241 8.39327 19.5883 8.51044L20.0579 8.59315L19.5538 11.1477L19.1024 11.0667C18.5648 10.9702 18.0375 10.8073 17.543 10.5747C16.9778 10.3059 16.4514 9.94493 16.0206 9.48744Z\" fill=\"white\"><\/path><\/svg>\t\t\t\t\t<\/a>\n\t\t\t\t<\/span>\n\t\t\t\t\t<\/div>\n\t\t\t\t\t\t<\/div>\n\t\t\t\t<\/div>\n\t\t\t\t<\/div>\n\t\t\t\t\t<\/div>\n\t\t\t\t<\/div>\n\t\t\t\t<div class=\"elementor-element elementor-element-8c21c97 elementor-widget elementor-widget-text-editor\" data-id=\"8c21c97\" data-element_type=\"widget\" data-e-type=\"widget\" data-widget_type=\"text-editor.default\">\n\t\t\t\t<div class=\"elementor-widget-container\">\n\t\t\t\t\t\t\t\t\t<p>MW DESIGN\u00a0 \u00a0 \u00a0|\u00a0 \u00a0 \u00a0 Piliscsaba, 2081, Hossz\u00far\u00e9t \u00fat 4.\u00a0 \u00a0 \u00a0|\u00a0 \u00a0 \u00a0+36 30 \/ 438 3837\u00a0 \u00a0 \u00a0 |\u00a0 \u00a0 <a href=\"mailto:info@mwdesign.hu\">info@mwdesign.hu<\/a><\/p>\t\t\t\t\t\t\t\t<\/div>\n\t\t\t\t<\/div>\n\t\t\t\t\t<\/div>\n\t\t\t\t<\/div>\n\t\t\t\t<\/div>","protected":false},"excerpt":{"rendered":"<p>coming soon MW DESIGN\u00a0 \u00a0 \u00a0|\u00a0 \u00a0 \u00a0 Piliscsaba, 2081, Hossz\u00far\u00e9t \u00fat 4.\u00a0 \u00a0 \u00a0|\u00a0 \u00a0 \u00a0+36 30 \/ 438 3837\u00a0 \u00a0 \u00a0 |\u00a0 \u00a0 info@mwdesign.hu<\/p>","protected":false},"author":1,"featured_media":0,"parent":0,"menu_order":0,"comment_status":"closed","ping_status":"closed","template":"elementor_canvas","meta":{"_monsterinsights_skip_tracking":false,"_monsterinsights_sitenote_active":false,"_monsterinsights_sitenote_note":"","_monsterinsights_sitenote_category":0,"site-sidebar-layout":"no-sidebar","site-content-layout":"page-builder","ast-site-content-layout":"default","site-content-style":"default","site-sidebar-style":"default","ast-global-header-display":"","ast-banner-title-visibility":"","ast-main-header-display":"","ast-hfb-above-header-display":"","ast-hfb-below-header-display":"","ast-hfb-mobile-header-display":"","site-post-title":"disabled","ast-breadcrumbs-content":"","ast-featured-img":"disabled","footer-sml-layout":"","ast-disable-related-posts":"","theme-transparent-header-meta":"","adv-header-id-meta":"","stick-header-meta":"","header-above-stick-meta":"","header-main-stick-meta":"","header-below-stick-meta":"","astra-migrate-meta-layouts":"default","ast-page-background-enabled":"default","ast-page-background-meta":{"desktop":{"background-color":"var(--ast-global-color-4)","background-image":"","background-repeat":"repeat","background-position":"center center","background-size":"auto","background-attachment":"scroll","background-type":"","background-media":"","overlay-type":"","overlay-color":"","overlay-opacity":"","overlay-gradient":""},"tablet":{"background-color":"","background-image":"","background-repeat":"repeat","background-position":"center center","background-size":"auto","background-attachment":"scroll","background-type":"","background-media":"","overlay-type":"","overlay-color":"","overlay-opacity":"","overlay-gradient":""},"mobile":{"background-color":"","background-image":"","background-repeat":"repeat","background-position":"center center","background-size":"auto","background-attachment":"scroll","background-type":"","background-media":"","overlay-type":"","overlay-color":"","overlay-opacity":"","overlay-gradient":""}},"ast-content-background-meta":{"desktop":{"background-color":"var(--ast-global-color-5)","background-image":"","background-repeat":"repeat","background-position":"center center","background-size":"auto","background-attachment":"scroll","background-type":"","background-media":"","overlay-type":"","overlay-color":"","overlay-opacity":"","overlay-gradient":""},"tablet":{"background-color":"var(--ast-global-color-5)","background-image":"","background-repeat":"repeat","background-position":"center center","background-size":"auto","background-attachment":"scroll","background-type":"","background-media":"","overlay-type":"","overlay-color":"","overlay-opacity":"","overlay-gradient":""},"mobile":{"background-color":"var(--ast-global-color-5)","background-image":"","background-repeat":"repeat","background-position":"center center","background-size":"auto","background-attachment":"scroll","background-type":"","background-media":"","overlay-type":"","overlay-color":"","overlay-opacity":"","overlay-gradient":""}},"footnotes":""},"class_list":["post-2209","page","type-page","status-publish","hentry"],"aioseo_notices":[],"_links":{"self":[{"href":"https:\/\/mwdesign.hu\/en\/wp-json\/wp\/v2\/pages\/2209","targetHints":{"allow":["GET"]}}],"collection":[{"href":"https:\/\/mwdesign.hu\/en\/wp-json\/wp\/v2\/pages"}],"about":[{"href":"https:\/\/mwdesign.hu\/en\/wp-json\/wp\/v2\/types\/page"}],"author":[{"embeddable":true,"href":"https:\/\/mwdesign.hu\/en\/wp-json\/wp\/v2\/users\/1"}],"replies":[{"embeddable":true,"href":"https:\/\/mwdesign.hu\/en\/wp-json\/wp\/v2\/comments?post=2209"}],"version-history":[{"count":0,"href":"https:\/\/mwdesign.hu\/en\/wp-json\/wp\/v2\/pages\/2209\/revisions"}],"wp:attachment":[{"href":"https:\/\/mwdesign.hu\/en\/wp-json\/wp\/v2\/media?parent=2209"}],"curies":[{"name":"wp","href":"https:\/\/api.w.org\/{rel}","templated":true}]}}