{"id":4680,"date":"2025-02-02T18:00:15","date_gmt":"2025-02-02T18:00:15","guid":{"rendered":"https:\/\/mwdesign.hu\/?page_id=4680"},"modified":"2025-10-15T07:57:24","modified_gmt":"2025-10-15T07:57:24","slug":"partnerek","status":"publish","type":"page","link":"https:\/\/mwdesign.hu\/en\/shop\/partnerek\/","title":{"rendered":"Partners"},"content":{"rendered":"<div data-elementor-type=\"wp-page\" data-elementor-id=\"4680\" class=\"elementor elementor-4680\" data-elementor-post-type=\"page\">\n\t\t\t\t<div class=\"elementor-element elementor-element-5c48e11 e-flex e-con-boxed e-con e-parent\" data-id=\"5c48e11\" data-element_type=\"container\" data-e-type=\"container\">\n\t\t\t\t\t<div class=\"e-con-inner\">\n\t\t<div class=\"elementor-element elementor-element-a0ad2f4 e-con-full e-flex e-con e-child\" data-id=\"a0ad2f4\" data-element_type=\"container\" data-e-type=\"container\">\n\t\t\t\t<div class=\"elementor-element elementor-element-e130171 elementor-widget elementor-widget-image\" data-id=\"e130171\" data-element_type=\"widget\" data-e-type=\"widget\" data-widget_type=\"image.default\">\n\t\t\t\t<div class=\"elementor-widget-container\">\n\t\t\t\t\t\t\t\t\t\t\t\t\t\t\t<img fetchpriority=\"high\" decoding=\"async\" width=\"1024\" height=\"1024\" src=\"https:\/\/mwdesign.hu\/wp-content\/uploads\/2025\/10\/MWDesign_LOGO_2023_fekete-1024x1024.png\" class=\"attachment-large size-large wp-image-12885\" alt=\"\" srcset=\"https:\/\/mwdesign.hu\/wp-content\/uploads\/2025\/10\/MWDesign_LOGO_2023_fekete-1024x1024.png 1024w, https:\/\/mwdesign.hu\/wp-content\/uploads\/2025\/10\/MWDesign_LOGO_2023_fekete-600x600.png 600w, https:\/\/mwdesign.hu\/wp-content\/uploads\/2025\/10\/MWDesign_LOGO_2023_fekete-500x500.png 500w, https:\/\/mwdesign.hu\/wp-content\/uploads\/2025\/10\/MWDesign_LOGO_2023_fekete-768x768.png 768w, https:\/\/mwdesign.hu\/wp-content\/uploads\/2025\/10\/MWDesign_LOGO_2023_fekete-1536x1536.png 1536w, https:\/\/mwdesign.hu\/wp-content\/uploads\/2025\/10\/MWDesign_LOGO_2023_fekete-12x12.png 12w, https:\/\/mwdesign.hu\/wp-content\/uploads\/2025\/10\/MWDesign_LOGO_2023_fekete-200x200.png 200w, https:\/\/mwdesign.hu\/wp-content\/uploads\/2025\/10\/MWDesign_LOGO_2023_fekete.png 1772w\" sizes=\"(max-width: 1024px) 100vw, 1024px\" \/>\t\t\t\t\t\t\t\t\t\t\t\t\t\t\t<\/div>\n\t\t\t\t<\/div>\n\t\t\t\t<\/div>\n\t\t<div class=\"elementor-element elementor-element-cc6ca86 e-con-full e-flex e-con e-child\" data-id=\"cc6ca86\" data-element_type=\"container\" data-e-type=\"container\">\n\t\t\t\t<div class=\"elementor-element elementor-element-0d99b98 elementor-widget elementor-widget-heading\" data-id=\"0d99b98\" data-element_type=\"widget\" data-e-type=\"widget\" data-widget_type=\"heading.default\">\n\t\t\t\t<div class=\"elementor-widget-container\">\n\t\t\t\t\t<h5 class=\"elementor-heading-title elementor-size-default\">A new dimension of luxury<\/h5>\t\t\t\t<\/div>\n\t\t\t\t<\/div>\n\t\t\t\t<div class=\"elementor-element elementor-element-9acbb16 elementor-widget elementor-widget-text-editor\" data-id=\"9acbb16\" data-element_type=\"widget\" data-e-type=\"widget\" data-widget_type=\"text-editor.default\">\n\t\t\t\t<div class=\"elementor-widget-container\">\n\t\t\t\t\t\t\t\t\t<p class=\"p1\"><span class=\"s1\">High-quality materials, artisanal precision \u2013 Andr\u00e1s M\u00e9sz\u00e1ros has combined his iconic style and custom-designed furniture with the masterful carpentry of Mw Design. Each piece is unique and can be tailored to the individual style of each customer.<\/span><\/p><p class=\"p1\"><span class=\"s1\">Each piece of furniture is the beginning of a story. A story about how we shape our homes, how we express ourselves, and how we live. By combining tradition and modern design, they create furniture that is both timeless and modern. Their furniture is not just a product, but an experience. They design pieces that are not only aesthetic but also functional, made from quality materials with artisan precision and designed to serve your needs in the long term. Their uniquely designed furniture gives your home a unique character that reflects your personality and style.<\/span><\/p><p class=\"p1\" style=\"text-align: left;\"><span class=\"s1\"><em>\"No two pieces of furniture are alike, just as no two customers are alike. Everyone is unique in some way, and I strive to capture this uniqueness in every commission and incorporate it into the design.\"<\/em> <br \/>Andras Meszaros<\/span><\/p>\t\t\t\t\t\t\t\t<\/div>\n\t\t\t\t<\/div>\n\t\t\t\t<\/div>\n\t\t\t\t\t<\/div>\n\t\t\t\t<\/div>\n\t\t<div class=\"elementor-element elementor-element-c38194c e-flex e-con-boxed e-con e-parent\" data-id=\"c38194c\" data-element_type=\"container\" data-e-type=\"container\">\n\t\t\t\t\t<div class=\"e-con-inner\">\n\t\t\t\t<div class=\"elementor-element elementor-element-f90fb66 elementor-widget-divider--view-line elementor-widget elementor-widget-divider\" data-id=\"f90fb66\" data-element_type=\"widget\" data-e-type=\"widget\" data-widget_type=\"divider.default\">\n\t\t\t\t<div class=\"elementor-widget-container\">\n\t\t\t\t\t\t\t<div class=\"elementor-divider\">\n\t\t\t<span class=\"elementor-divider-separator\">\n\t\t\t\t\t\t<\/span>\n\t\t<\/div>\n\t\t\t\t\t\t<\/div>\n\t\t\t\t<\/div>\n\t\t\t\t\t<\/div>\n\t\t\t\t<\/div>\n\t\t<div class=\"elementor-element elementor-element-b46b1dc e-flex e-con-boxed e-con e-parent\" data-id=\"b46b1dc\" data-element_type=\"container\" data-e-type=\"container\">\n\t\t\t\t\t<div class=\"e-con-inner\">\n\t\t<div class=\"elementor-element elementor-element-ed252be e-con-full e-flex e-con e-child\" data-id=\"ed252be\" data-element_type=\"container\" data-e-type=\"container\">\n\t\t\t\t<div class=\"elementor-element elementor-element-a7e4e9f elementor-widget elementor-widget-image\" data-id=\"a7e4e9f\" data-element_type=\"widget\" data-e-type=\"widget\" data-widget_type=\"image.default\">\n\t\t\t\t<div class=\"elementor-widget-container\">\n\t\t\t\t\t\t\t\t\t\t\t\t\t\t\t<img decoding=\"async\" width=\"500\" height=\"300\" src=\"https:\/\/mwdesign.hu\/wp-content\/uploads\/2025\/10\/volumen-logo.jpg\" class=\"attachment-large size-large wp-image-12887\" alt=\"\" srcset=\"https:\/\/mwdesign.hu\/wp-content\/uploads\/2025\/10\/volumen-logo.jpg 500w, https:\/\/mwdesign.hu\/wp-content\/uploads\/2025\/10\/volumen-logo-18x12.jpg 18w, https:\/\/mwdesign.hu\/wp-content\/uploads\/2025\/10\/volumen-logo-200x120.jpg 200w\" sizes=\"(max-width: 500px) 100vw, 500px\" \/>\t\t\t\t\t\t\t\t\t\t\t\t\t\t\t<\/div>\n\t\t\t\t<\/div>\n\t\t\t\t<\/div>\n\t\t<div class=\"elementor-element elementor-element-885a6f8 e-con-full e-flex e-con e-child\" data-id=\"885a6f8\" data-element_type=\"container\" data-e-type=\"container\">\n\t\t\t\t<div class=\"elementor-element elementor-element-793306a elementor-widget elementor-widget-heading\" data-id=\"793306a\" data-element_type=\"widget\" data-e-type=\"widget\" data-widget_type=\"heading.default\">\n\t\t\t\t<div class=\"elementor-widget-container\">\n\t\t\t\t\t<h5 class=\"elementor-heading-title elementor-size-default\">Optimal balance between form and content<\/h5>\t\t\t\t<\/div>\n\t\t\t\t<\/div>\n\t\t\t\t<div class=\"elementor-element elementor-element-fcaf8e1 elementor-widget elementor-widget-text-editor\" data-id=\"fcaf8e1\" data-element_type=\"widget\" data-e-type=\"widget\" data-widget_type=\"text-editor.default\">\n\t\t\t\t<div class=\"elementor-widget-container\">\n\t\t\t\t\t\t\t\t\t<p class=\"p1\"><span class=\"s1\">The design is modern, clean and meticulously thought out, while the materials are of the highest quality. The design is interpreted as a subtle interplay of aesthetics and functionality, which is why the greatest attention is paid to detail. Their goal is to create high-quality yet affordable furniture that meets the demands of modern lifestyles.<\/span><\/p><p class=\"p1\"><span class=\"s1\">Thanks to decades of experience gained in every phase of the manufacturing process, they now have endless possibilities at their disposal when creating innovative and modern solutions. By combining traditional values, manufacturing expertise, and an understanding of today's needs, they create furniture that contributes to improving quality of life. Volumen represents a blend of quality craftsmanship and state-of-the-art technology.<\/span><\/p>\t\t\t\t\t\t\t\t<\/div>\n\t\t\t\t<\/div>\n\t\t\t\t<\/div>\n\t\t\t\t\t<\/div>\n\t\t\t\t<\/div>\n\t\t<div class=\"elementor-element elementor-element-17185c2 e-flex e-con-boxed e-con e-parent\" data-id=\"17185c2\" data-element_type=\"container\" data-e-type=\"container\">\n\t\t\t\t\t<div class=\"e-con-inner\">\n\t\t\t\t<div class=\"elementor-element elementor-element-2370d2a elementor-widget-divider--view-line elementor-widget elementor-widget-divider\" data-id=\"2370d2a\" data-element_type=\"widget\" data-e-type=\"widget\" data-widget_type=\"divider.default\">\n\t\t\t\t<div class=\"elementor-widget-container\">\n\t\t\t\t\t\t\t<div class=\"elementor-divider\">\n\t\t\t<span class=\"elementor-divider-separator\">\n\t\t\t\t\t\t<\/span>\n\t\t<\/div>\n\t\t\t\t\t\t<\/div>\n\t\t\t\t<\/div>\n\t\t\t\t\t<\/div>\n\t\t\t\t<\/div>\n\t\t<div class=\"elementor-element elementor-element-6f45eec e-flex e-con-boxed e-con e-parent\" data-id=\"6f45eec\" data-element_type=\"container\" data-e-type=\"container\">\n\t\t\t\t\t<div class=\"e-con-inner\">\n\t\t<div class=\"elementor-element elementor-element-e520336 e-con-full e-flex e-con e-child\" data-id=\"e520336\" data-element_type=\"container\" data-e-type=\"container\">\n\t\t\t\t<div class=\"elementor-element elementor-element-bb12d06 elementor-widget elementor-widget-image\" data-id=\"bb12d06\" data-element_type=\"widget\" data-e-type=\"widget\" data-widget_type=\"image.default\">\n\t\t\t\t<div class=\"elementor-widget-container\">\n\t\t\t\t\t\t\t\t\t\t\t\t\t\t\t<img decoding=\"async\" width=\"500\" height=\"300\" src=\"https:\/\/mwdesign.hu\/wp-content\/uploads\/2025\/10\/nobi-logo.jpg\" class=\"attachment-large size-large wp-image-12888\" alt=\"\" srcset=\"https:\/\/mwdesign.hu\/wp-content\/uploads\/2025\/10\/nobi-logo.jpg 500w, https:\/\/mwdesign.hu\/wp-content\/uploads\/2025\/10\/nobi-logo-18x12.jpg 18w, https:\/\/mwdesign.hu\/wp-content\/uploads\/2025\/10\/nobi-logo-200x120.jpg 200w\" sizes=\"(max-width: 500px) 100vw, 500px\" \/>\t\t\t\t\t\t\t\t\t\t\t\t\t\t\t<\/div>\n\t\t\t\t<\/div>\n\t\t\t\t<\/div>\n\t\t<div class=\"elementor-element elementor-element-31494ed e-con-full e-flex e-con e-child\" data-id=\"31494ed\" data-element_type=\"container\" data-e-type=\"container\">\n\t\t\t\t<div class=\"elementor-element elementor-element-0b7b9f0 elementor-widget elementor-widget-heading\" data-id=\"0b7b9f0\" data-element_type=\"widget\" data-e-type=\"widget\" data-widget_type=\"heading.default\">\n\t\t\t\t<div class=\"elementor-widget-container\">\n\t\t\t\t\t<h5 class=\"elementor-heading-title elementor-size-default\">Good design is more than just form or attractive \"packaging.\"<\/h5>\t\t\t\t<\/div>\n\t\t\t\t<\/div>\n\t\t\t\t<div class=\"elementor-element elementor-element-72fbc89 elementor-widget elementor-widget-text-editor\" data-id=\"72fbc89\" data-element_type=\"widget\" data-e-type=\"widget\" data-widget_type=\"text-editor.default\">\n\t\t\t\t<div class=\"elementor-widget-container\">\n\t\t\t\t\t\t\t\t\t<p class=\"p1\"><span class=\"s1\">Studio Cisotti Laube offers NOBI a new perspective on contemporary home living.<\/span><\/p><p class=\"p1\"><span class=\"s1\">As always, the studio continues to explore unique ways of living at home, thinking of it as a place for intimacy and socializing, making the most of every single space.<\/span><\/p><p class=\"p1\"><span class=\"s1\">The collection has risen to an almost dreamlike dimension, thanks to the refined and sophisticated decoration and the quality ensured by the choice of materials.<\/span><\/p><p class=\"p1\"><span class=\"s1\">The NOBI collection is not just a furniture range, but a concept, a philosophy, a lifestyle based on a combination of innovation, design, and visual appeal, which makes the products surprisingly unique and inimitable.<\/span><\/p><p class=\"p1\" style=\"text-align: left;\"><em><span class=\"s1\">\"Good design is more than just a question of form. We believe that true design permeates the entire product and is an integral part of the creative process.<br \/><\/span><\/em><em><span class=\"s1\">Products that focus on design must be conscious, characteristic examples of the era and culture to which they belong. The objects that surround us must materially translate everything that belongs to us: our thoughts, fears, and dreams. Working with design means that we use objects to suggest new lifestyles, new ways of living and moving.<br \/><\/span><\/em><span class=\"s1\"><em>The aesthetics and technology inherent in new materials offer extraordinary opportunities not only to improve the comfort of an object, but also to enhance its expressive power.<\/em> <br \/>Studio Cisotti Laube<\/span><\/p>\t\t\t\t\t\t\t\t<\/div>\n\t\t\t\t<\/div>\n\t\t\t\t<\/div>\n\t\t\t\t\t<\/div>\n\t\t\t\t<\/div>\n\t\t<div class=\"elementor-element elementor-element-ddb49ae e-flex e-con-boxed e-con e-parent\" data-id=\"ddb49ae\" data-element_type=\"container\" data-e-type=\"container\">\n\t\t\t\t\t<div class=\"e-con-inner\">\n\t\t\t\t<div class=\"elementor-element elementor-element-0d21601 elementor-widget-divider--view-line elementor-widget elementor-widget-divider\" data-id=\"0d21601\" data-element_type=\"widget\" data-e-type=\"widget\" data-widget_type=\"divider.default\">\n\t\t\t\t<div class=\"elementor-widget-container\">\n\t\t\t\t\t\t\t<div class=\"elementor-divider\">\n\t\t\t<span class=\"elementor-divider-separator\">\n\t\t\t\t\t\t<\/span>\n\t\t<\/div>\n\t\t\t\t\t\t<\/div>\n\t\t\t\t<\/div>\n\t\t\t\t\t<\/div>\n\t\t\t\t<\/div>\n\t\t<div class=\"elementor-element elementor-element-891de06 e-flex e-con-boxed e-con e-parent\" data-id=\"891de06\" data-element_type=\"container\" data-e-type=\"container\">\n\t\t\t\t\t<div class=\"e-con-inner\">\n\t\t<div class=\"elementor-element elementor-element-bde5f5f e-con-full e-flex e-con e-child\" data-id=\"bde5f5f\" data-element_type=\"container\" data-e-type=\"container\">\n\t\t\t\t<div class=\"elementor-element elementor-element-5af0a4d elementor-widget elementor-widget-image\" data-id=\"5af0a4d\" data-element_type=\"widget\" data-e-type=\"widget\" data-widget_type=\"image.default\">\n\t\t\t\t<div class=\"elementor-widget-container\">\n\t\t\t\t\t\t\t\t\t\t\t\t\t\t\t<img loading=\"lazy\" decoding=\"async\" width=\"500\" height=\"300\" src=\"https:\/\/mwdesign.hu\/wp-content\/uploads\/2025\/10\/goes-logo.jpg\" class=\"attachment-large size-large wp-image-12889\" alt=\"\" srcset=\"https:\/\/mwdesign.hu\/wp-content\/uploads\/2025\/10\/goes-logo.jpg 500w, https:\/\/mwdesign.hu\/wp-content\/uploads\/2025\/10\/goes-logo-18x12.jpg 18w, https:\/\/mwdesign.hu\/wp-content\/uploads\/2025\/10\/goes-logo-200x120.jpg 200w\" sizes=\"(max-width: 500px) 100vw, 500px\" \/>\t\t\t\t\t\t\t\t\t\t\t\t\t\t\t<\/div>\n\t\t\t\t<\/div>\n\t\t\t\t<\/div>\n\t\t<div class=\"elementor-element elementor-element-9c942ef e-con-full e-flex e-con e-child\" data-id=\"9c942ef\" data-element_type=\"container\" data-e-type=\"container\">\n\t\t\t\t<div class=\"elementor-element elementor-element-d15b442 elementor-widget elementor-widget-heading\" data-id=\"d15b442\" data-element_type=\"widget\" data-e-type=\"widget\" data-widget_type=\"heading.default\">\n\t\t\t\t<div class=\"elementor-widget-container\">\n\t\t\t\t\t<h5 class=\"elementor-heading-title elementor-size-default\">From nature to furniture. From furniture to magic. This is how it goes.<\/h5>\t\t\t\t<\/div>\n\t\t\t\t<\/div>\n\t\t\t\t<div class=\"elementor-element elementor-element-f354877 elementor-widget elementor-widget-text-editor\" data-id=\"f354877\" data-element_type=\"widget\" data-e-type=\"widget\" data-widget_type=\"text-editor.default\">\n\t\t\t\t<div class=\"elementor-widget-container\">\n\t\t\t\t\t\t\t\t\t<p class=\"p1\"><span class=\"s1\">GoEs is an award-winning, design-oriented manufacturer that transforms solid wood and sustainable materials into contemporary furniture. Their products push the boundaries of what is possible with natural materials. Modernizing classic carpentry techniques with cutting-edge technology allows them to bend wood in new ways and create small wooden sculptures.<\/span><\/p><p class=\"p1\"><span class=\"s1\">Their furniture is manufactured in a factory with a long tradition in woodworking, which has been transformed into a regional R&amp;D center by designers with a new perspective on progressive design.<\/span><\/p><p class=\"p1\"><span class=\"s1\">The name GoEs comes from an ancient Greek word meaning magic, and magic is just another word for the incredible, the extraordinary, the fantastic. This word best describes their products. It challenges their designers and engineers to create something that will amaze the design community and make their customers say, quite simply, \"Wow!\"<\/span><\/p>\t\t\t\t\t\t\t\t<\/div>\n\t\t\t\t<\/div>\n\t\t\t\t<\/div>\n\t\t\t\t\t<\/div>\n\t\t\t\t<\/div>\n\t\t<div class=\"elementor-element elementor-element-c1f216d e-flex e-con-boxed e-con e-parent\" data-id=\"c1f216d\" data-element_type=\"container\" data-e-type=\"container\">\n\t\t\t\t\t<div class=\"e-con-inner\">\n\t\t\t\t<div class=\"elementor-element elementor-element-5d2a5d8 elementor-widget-divider--view-line elementor-widget elementor-widget-divider\" data-id=\"5d2a5d8\" data-element_type=\"widget\" data-e-type=\"widget\" data-widget_type=\"divider.default\">\n\t\t\t\t<div class=\"elementor-widget-container\">\n\t\t\t\t\t\t\t<div class=\"elementor-divider\">\n\t\t\t<span class=\"elementor-divider-separator\">\n\t\t\t\t\t\t<\/span>\n\t\t<\/div>\n\t\t\t\t\t\t<\/div>\n\t\t\t\t<\/div>\n\t\t\t\t\t<\/div>\n\t\t\t\t<\/div>\n\t\t<div class=\"elementor-element elementor-element-90e91c9 e-flex e-con-boxed e-con e-parent\" data-id=\"90e91c9\" data-element_type=\"container\" data-e-type=\"container\">\n\t\t\t\t\t<div class=\"e-con-inner\">\n\t\t<div class=\"elementor-element elementor-element-495ce47 e-con-full e-flex e-con e-child\" data-id=\"495ce47\" data-element_type=\"container\" data-e-type=\"container\">\n\t\t\t\t<div class=\"elementor-element elementor-element-27fab3f elementor-widget elementor-widget-image\" data-id=\"27fab3f\" data-element_type=\"widget\" data-e-type=\"widget\" data-widget_type=\"image.default\">\n\t\t\t\t<div class=\"elementor-widget-container\">\n\t\t\t\t\t\t\t\t\t\t\t\t\t\t\t<img loading=\"lazy\" decoding=\"async\" width=\"500\" height=\"207\" src=\"https:\/\/mwdesign.hu\/wp-content\/uploads\/2025\/10\/arbore-logo-web.png\" class=\"attachment-large size-large wp-image-12893\" alt=\"\" srcset=\"https:\/\/mwdesign.hu\/wp-content\/uploads\/2025\/10\/arbore-logo-web.png 500w, https:\/\/mwdesign.hu\/wp-content\/uploads\/2025\/10\/arbore-logo-web-18x7.png 18w, https:\/\/mwdesign.hu\/wp-content\/uploads\/2025\/10\/arbore-logo-web-200x83.png 200w\" sizes=\"(max-width: 500px) 100vw, 500px\" \/>\t\t\t\t\t\t\t\t\t\t\t\t\t\t\t<\/div>\n\t\t\t\t<\/div>\n\t\t\t\t<\/div>\n\t\t<div class=\"elementor-element elementor-element-badbffa e-con-full e-flex e-con e-child\" data-id=\"badbffa\" data-element_type=\"container\" data-e-type=\"container\">\n\t\t\t\t<div class=\"elementor-element elementor-element-0ef23f2 elementor-widget elementor-widget-heading\" data-id=\"0ef23f2\" data-element_type=\"widget\" data-e-type=\"widget\" data-widget_type=\"heading.default\">\n\t\t\t\t<div class=\"elementor-widget-container\">\n\t\t\t\t\t<h5 class=\"elementor-heading-title elementor-size-default\">Arbore is a Spanish premium furniture brand based on the Transylvanian craft traditions of Carel Woodworks.<\/h5>\t\t\t\t<\/div>\n\t\t\t\t<\/div>\n\t\t\t\t<div class=\"elementor-element elementor-element-505759c elementor-widget elementor-widget-text-editor\" data-id=\"505759c\" data-element_type=\"widget\" data-e-type=\"widget\" data-widget_type=\"text-editor.default\">\n\t\t\t\t<div class=\"elementor-widget-container\">\n\t\t\t\t\t\t\t\t\t<p class=\"p1\">\u00a0Their mission is to create furniture and interior objects where beauty, simplicity, elegance, and substance are in perfect harmony. Their products are made from natural materials\u2014primarily wood\u2014and embody both aesthetics and functionality.<\/p><p class=\"p1\">The brand draws inspiration from three main sources:<\/p><p class=\"p1\">the elegance of modernist female artists,<\/p><p class=\"p1\">the clean lines of mid-century architecture,<\/p><p class=\"p1\">as well as the timeless beauty of traditional craftsmanship.<\/p><p class=\"p1\">Arbore draws inspiration from personal stories: its founder, Elena, brought the symbolism of her childhood experiences in Transylvania, plum blossoms, and family ties to the brand. The team continues to build on family values and shared creativity: design, finance, sales, and logistics are all part of the collaborative process.<\/p><p class=\"p1\">Arbore furniture is more than just simple objects\u2014it creates experiences that strengthen the energy of community and family within the interior.<\/p>\t\t\t\t\t\t\t\t<\/div>\n\t\t\t\t<\/div>\n\t\t\t\t<\/div>\n\t\t\t\t\t<\/div>\n\t\t\t\t<\/div>\n\t\t<div class=\"elementor-element elementor-element-1687964 e-flex e-con-boxed e-con e-parent\" data-id=\"1687964\" data-element_type=\"container\" data-e-type=\"container\">\n\t\t\t\t\t<div class=\"e-con-inner\">\n\t\t\t\t<div class=\"elementor-element elementor-element-5a5cc85 elementor-widget-divider--view-line elementor-widget elementor-widget-divider\" data-id=\"5a5cc85\" data-element_type=\"widget\" data-e-type=\"widget\" data-widget_type=\"divider.default\">\n\t\t\t\t<div class=\"elementor-widget-container\">\n\t\t\t\t\t\t\t<div class=\"elementor-divider\">\n\t\t\t<span class=\"elementor-divider-separator\">\n\t\t\t\t\t\t<\/span>\n\t\t<\/div>\n\t\t\t\t\t\t<\/div>\n\t\t\t\t<\/div>\n\t\t\t\t\t<\/div>\n\t\t\t\t<\/div>\n\t\t\t\t<\/div>","protected":false},"excerpt":{"rendered":"<p>A luxus \u00faj dimenzi\u00f3ja Kiv\u00e1l\u00f3 min\u0151s\u00e9g\u0171 anyagok, k\u00e9zm\u0171ves precizit\u00e1s \u2013 M\u00e9sz\u00e1ros Andr\u00e1s ikonikus st\u00edlus\u00e1t, saj\u00e1t tervez\u00e9s\u0171 b\u00fatorait \u00f6tv\u00f6zte az Mw Design mesteri asztalos munk\u00e1ival. Minden darab egyedi alkot\u00e1s, amelyet \u00fcgyfeleik saj\u00e1t st\u00edlusokra form\u00e1lhatnak. Minden b\u00fatoruk egy t\u00f6rt\u00e9net kezdete. Egy t\u00f6rt\u00e9net arr\u00f3l, hogy hogyan alak\u00edtjuk ki az otthonunkat, hogyan fejezz\u00fck ki \u00f6nmagunkat \u00e9s hogyan \u00e9l\u00fcnk. A [&hellip;]<\/p>\n","protected":false},"author":1,"featured_media":0,"parent":3994,"menu_order":0,"comment_status":"closed","ping_status":"closed","template":"elementor_header_footer","meta":{"_monsterinsights_skip_tracking":false,"_monsterinsights_sitenote_active":false,"_monsterinsights_sitenote_note":"","_monsterinsights_sitenote_category":0,"site-sidebar-layout":"no-sidebar","site-content-layout":"","ast-site-content-layout":"full-width-container","site-content-style":"default","site-sidebar-style":"default","ast-global-header-display":"","ast-banner-title-visibility":"","ast-main-header-display":"","ast-hfb-above-header-display":"","ast-hfb-below-header-display":"","ast-hfb-mobile-header-display":"","site-post-title":"disabled","ast-breadcrumbs-content":"","ast-featured-img":"disabled","footer-sml-layout":"","ast-disable-related-posts":"","theme-transparent-header-meta":"","adv-header-id-meta":"","stick-header-meta":"","header-above-stick-meta":"","header-main-stick-meta":"","header-below-stick-meta":"","astra-migrate-meta-layouts":"default","ast-page-background-enabled":"default","ast-page-background-meta":{"desktop":{"background-color":"var(--ast-global-color-4)","background-image":"","background-repeat":"repeat","background-position":"center center","background-size":"auto","background-attachment":"scroll","background-type":"","background-media":"","overlay-type":"","overlay-color":"","overlay-opacity":"","overlay-gradient":""},"tablet":{"background-color":"","background-image":"","background-repeat":"repeat","background-position":"center center","background-size":"auto","background-attachment":"scroll","background-type":"","background-media":"","overlay-type":"","overlay-color":"","overlay-opacity":"","overlay-gradient":""},"mobile":{"background-color":"","background-image":"","background-repeat":"repeat","background-position":"center center","background-size":"auto","background-attachment":"scroll","background-type":"","background-media":"","overlay-type":"","overlay-color":"","overlay-opacity":"","overlay-gradient":""}},"ast-content-background-meta":{"desktop":{"background-color":"var(--ast-global-color-5)","background-image":"","background-repeat":"repeat","background-position":"center center","background-size":"auto","background-attachment":"scroll","background-type":"","background-media":"","overlay-type":"","overlay-color":"","overlay-opacity":"","overlay-gradient":""},"tablet":{"background-color":"var(--ast-global-color-5)","background-image":"","background-repeat":"repeat","background-position":"center center","background-size":"auto","background-attachment":"scroll","background-type":"","background-media":"","overlay-type":"","overlay-color":"","overlay-opacity":"","overlay-gradient":""},"mobile":{"background-color":"var(--ast-global-color-5)","background-image":"","background-repeat":"repeat","background-position":"center center","background-size":"auto","background-attachment":"scroll","background-type":"","background-media":"","overlay-type":"","overlay-color":"","overlay-opacity":"","overlay-gradient":""}},"footnotes":""},"class_list":["post-4680","page","type-page","status-publish","hentry"],"aioseo_notices":[],"_links":{"self":[{"href":"https:\/\/mwdesign.hu\/en\/wp-json\/wp\/v2\/pages\/4680","targetHints":{"allow":["GET"]}}],"collection":[{"href":"https:\/\/mwdesign.hu\/en\/wp-json\/wp\/v2\/pages"}],"about":[{"href":"https:\/\/mwdesign.hu\/en\/wp-json\/wp\/v2\/types\/page"}],"author":[{"embeddable":true,"href":"https:\/\/mwdesign.hu\/en\/wp-json\/wp\/v2\/users\/1"}],"replies":[{"embeddable":true,"href":"https:\/\/mwdesign.hu\/en\/wp-json\/wp\/v2\/comments?post=4680"}],"version-history":[{"count":0,"href":"https:\/\/mwdesign.hu\/en\/wp-json\/wp\/v2\/pages\/4680\/revisions"}],"up":[{"embeddable":true,"href":"https:\/\/mwdesign.hu\/en\/wp-json\/wp\/v2\/pages\/3994"}],"wp:attachment":[{"href":"https:\/\/mwdesign.hu\/en\/wp-json\/wp\/v2\/media?parent=4680"}],"curies":[{"name":"wp","href":"https:\/\/api.w.org\/{rel}","templated":true}]}}