{"id":6976,"date":"2025-04-02T18:31:09","date_gmt":"2025-04-02T18:31:09","guid":{"rendered":"https:\/\/mwdesign.hu\/?page_id=6976"},"modified":"2025-04-02T19:18:16","modified_gmt":"2025-04-02T19:18:16","slug":"regisztracio","status":"publish","type":"page","link":"https:\/\/mwdesign.hu\/en\/shop\/regisztracio\/","title":{"rendered":"Shop regisztr\u00e1ci\u00f3"},"content":{"rendered":"<div data-elementor-type=\"wp-page\" data-elementor-id=\"6976\" class=\"elementor elementor-6976\" data-elementor-post-type=\"page\">\n\t\t\t\t<div class=\"elementor-element elementor-element-83c5746 e-flex e-con-boxed e-con e-parent\" data-id=\"83c5746\" data-element_type=\"container\" data-e-type=\"container\">\n\t\t\t\t\t<div class=\"e-con-inner\">\n\t\t\t\t<div class=\"elementor-element elementor-element-691185a elementor-widget elementor-widget-shortcode\" data-id=\"691185a\" data-element_type=\"widget\" data-e-type=\"widget\" data-widget_type=\"shortcode.default\">\n\t\t\t\t<div class=\"elementor-widget-container\">\n\t\t\t\t\t\t\t<div class=\"elementor-shortcode\"><div class=\"woocommerce-notices-wrapper\"><\/div><form method=\"post\" class=\"woocommerce-form woocommerce-form-register register\" action=\"\">\n\n\t\t\t\n    <p class=\"woocommerce-form-row woocommerce-form-row--wide form-row form-row-wide\">\n        <label for=\"reg_last_name\">First name\u00a0<span class=\"required\">*<\/span><\/label>\n        <input type=\"text\" class=\"input-text\" name=\"last_name\" id=\"reg_last_name\" value=\"\">\n    <\/p>\n\n    <p class=\"woocommerce-form-row woocommerce-form-row--wide form-row form-row-wide\">\n        <label for=\"reg_first_name\">Surname\u00a0<span class=\"required\">*<\/span><\/label>\n        <input type=\"text\" class=\"input-text\" name=\"first_name\" id=\"reg_first_name\" value=\"\">\n    <\/p>\n\n\n    <p class=\"woocommerce-form-row woocommerce-form-row--wide form-row form-row-wide\">\n        <label for=\"reg_phone\">Phone\u00a0<span class=\"required\">*<\/span><\/label>\n        <input type=\"tel\" class=\"input-text\" name=\"phone\" id=\"reg_phone\" value=\"\">\n    <\/p>\n    \n\t\t\t\n\t\t\t<p class=\"woocommerce-form-row woocommerce-form-row--wide form-row form-row-wide\">\n\t\t\t\t<label for=\"reg_email\">Email address\u00a0<span class=\"required\" aria-hidden=\"true\">*<\/span><span class=\"screen-reader-text\" data-no-translation=\"\" data-trp-gettext=\"\">Required<\/span><\/label>\n\t\t\t\t<input type=\"email\" class=\"woocommerce-Input woocommerce-Input--text input-text\" name=\"email\" id=\"reg_email\" autocomplete=\"email\" value=\"\" required aria-required=\"true\">\t\t\t<\/p>\n\n\t\t\t\n\t\t\t\t<p class=\"woocommerce-form-row woocommerce-form-row--wide form-row form-row-wide\">\n\t\t\t\t\t<label for=\"reg_password\">Password\u00a0<span class=\"required\" aria-hidden=\"true\">*<\/span><span class=\"screen-reader-text\" data-no-translation=\"\" data-trp-gettext=\"\">Required<\/span><\/label>\n\t\t\t\t\t<input type=\"password\" class=\"woocommerce-Input woocommerce-Input--text input-text\" name=\"password\" id=\"reg_password\" autocomplete=\"new-password\" required aria-required=\"true\">\n\t\t\t\t<\/p>\n\n\t\t\t\n\t\t\t    <p class=\"woocommerce-form-row woocommerce-form-row--wide form-row form-row-wide\">\n        <label for=\"reg_password2\">Jelsz\u00f3 m\u00e9gegyszer\u00a0<span class=\"required\">*<\/span><\/label>\n        <input type=\"password\" class=\"input-text\" name=\"password2\" id=\"reg_password2\">\n        <span toggle=\"#reg_password2\" class=\"dashicons dashicons-visibility toggle-password\"><\/span>\n    <\/p>\n    <div class=\"g-recaptcha\" style=\"transform: scale(0.9); -webkit-transform: scale(0.9); transform-origin: 0 0; -webkit-transform-origin: 0 0;\" data-sitekey=\"6LfL2BosAAAAAPaqn2quMeednK_meN2Y5bMBoyP5\"><\/div><script>\r\n                jQuery(\"form.woocommerce-checkout\").on(\"submit\", function(){\r\n                    setTimeout(function(){\r\n                        grecaptcha.reset();\r\n                    },100);\r\n                });\r\n                <\/script><script src=\"https:\/\/www.google.com\/recaptcha\/api.js?ver=1.31\" id=\"wpcaptcha-recaptcha-js\"><\/script><wc-order-attribution-inputs><\/wc-order-attribution-inputs><div class=\"woocommerce-privacy-policy-text\"><p>Az \u00d6n szem\u00e9lyes adatait arra haszn\u00e1ljuk fel, hogy t\u00e1mogassuk az \u00d6n felhaszn\u00e1l\u00f3i \u00e9lm\u00e9ny\u00e9t a weboldalon, kezelj\u00fck a fi\u00f3kj\u00e1hoz val\u00f3 hozz\u00e1f\u00e9r\u00e9st, valamint az <a href=\"https:\/\/mwdesign.hu\/en\/adatkezelesi-tajekoztato\/\" class=\"woocommerce-privacy-policy-link\" target=\"_blank\" data-no-translation=\"\" data-trp-gettext=\"\">privacy policy<\/a>ban le\u00edrt egy\u00e9b c\u00e9lokra.<\/p>\n<\/div>\n\t\t\t<p class=\"woocommerce-form-row form-row\">\n\t\t\t\t<input type=\"hidden\" id=\"woocommerce-register-nonce\" name=\"woocommerce-register-nonce\" value=\"7c1cb382e6\"><input type=\"hidden\" name=\"_wp_http_referer\" value=\"\/en\/wp-json\/wp\/v2\/pages\/6976\">\t\t\t\t<button type=\"submit\" class=\"woocommerce-Button woocommerce-button button woocommerce-form-register__submit\" name=\"register\" value=\"Register\" data-no-translation=\"\" data-trp-gettext=\"\" data-no-translation-value=\"\">Register<\/button>\n\t\t\t<\/p>\n\n\t\t\t\n\t\t<input type=\"hidden\" name=\"trp-form-language\" value=\"en\"\/><\/form><\/div>\n\t\t\t\t\t\t<\/div>\n\t\t\t\t<\/div>\n\t\t\t\t\t<\/div>\n\t\t\t\t<\/div>\n\t\t\t\t<\/div>","protected":false},"excerpt":{"rendered":"","protected":false},"author":1,"featured_media":0,"parent":3994,"menu_order":0,"comment_status":"closed","ping_status":"closed","template":"elementor_header_footer","meta":{"_monsterinsights_skip_tracking":false,"_monsterinsights_sitenote_active":false,"_monsterinsights_sitenote_note":"","_monsterinsights_sitenote_category":0,"site-sidebar-layout":"no-sidebar","site-content-layout":"","ast-site-content-layout":"full-width-container","site-content-style":"default","site-sidebar-style":"default","ast-global-header-display":"","ast-banner-title-visibility":"","ast-main-header-display":"","ast-hfb-above-header-display":"","ast-hfb-below-header-display":"","ast-hfb-mobile-header-display":"","site-post-title":"disabled","ast-breadcrumbs-content":"","ast-featured-img":"disabled","footer-sml-layout":"","ast-disable-related-posts":"","theme-transparent-header-meta":"","adv-header-id-meta":"","stick-header-meta":"","header-above-stick-meta":"","header-main-stick-meta":"","header-below-stick-meta":"","astra-migrate-meta-layouts":"default","ast-page-background-enabled":"default","ast-page-background-meta":{"desktop":{"background-color":"var(--ast-global-color-4)","background-image":"","background-repeat":"repeat","background-position":"center center","background-size":"auto","background-attachment":"scroll","background-type":"","background-media":"","overlay-type":"","overlay-color":"","overlay-opacity":"","overlay-gradient":""},"tablet":{"background-color":"","background-image":"","background-repeat":"repeat","background-position":"center center","background-size":"auto","background-attachment":"scroll","background-type":"","background-media":"","overlay-type":"","overlay-color":"","overlay-opacity":"","overlay-gradient":""},"mobile":{"background-color":"","background-image":"","background-repeat":"repeat","background-position":"center center","background-size":"auto","background-attachment":"scroll","background-type":"","background-media":"","overlay-type":"","overlay-color":"","overlay-opacity":"","overlay-gradient":""}},"ast-content-background-meta":{"desktop":{"background-color":"var(--ast-global-color-5)","background-image":"","background-repeat":"repeat","background-position":"center center","background-size":"auto","background-attachment":"scroll","background-type":"","background-media":"","overlay-type":"","overlay-color":"","overlay-opacity":"","overlay-gradient":""},"tablet":{"background-color":"var(--ast-global-color-5)","background-image":"","background-repeat":"repeat","background-position":"center center","background-size":"auto","background-attachment":"scroll","background-type":"","background-media":"","overlay-type":"","overlay-color":"","overlay-opacity":"","overlay-gradient":""},"mobile":{"background-color":"var(--ast-global-color-5)","background-image":"","background-repeat":"repeat","background-position":"center center","background-size":"auto","background-attachment":"scroll","background-type":"","background-media":"","overlay-type":"","overlay-color":"","overlay-opacity":"","overlay-gradient":""}},"footnotes":""},"class_list":["post-6976","page","type-page","status-publish","hentry"],"aioseo_notices":[],"_links":{"self":[{"href":"https:\/\/mwdesign.hu\/en\/wp-json\/wp\/v2\/pages\/6976","targetHints":{"allow":["GET"]}}],"collection":[{"href":"https:\/\/mwdesign.hu\/en\/wp-json\/wp\/v2\/pages"}],"about":[{"href":"https:\/\/mwdesign.hu\/en\/wp-json\/wp\/v2\/types\/page"}],"author":[{"embeddable":true,"href":"https:\/\/mwdesign.hu\/en\/wp-json\/wp\/v2\/users\/1"}],"replies":[{"embeddable":true,"href":"https:\/\/mwdesign.hu\/en\/wp-json\/wp\/v2\/comments?post=6976"}],"version-history":[{"count":0,"href":"https:\/\/mwdesign.hu\/en\/wp-json\/wp\/v2\/pages\/6976\/revisions"}],"up":[{"embeddable":true,"href":"https:\/\/mwdesign.hu\/en\/wp-json\/wp\/v2\/pages\/3994"}],"wp:attachment":[{"href":"https:\/\/mwdesign.hu\/en\/wp-json\/wp\/v2\/media?parent=6976"}],"curies":[{"name":"wp","href":"https:\/\/api.w.org\/{rel}","templated":true}]}}