{"id":5344,"date":"2025-03-18T12:02:32","date_gmt":"2025-03-18T12:02:32","guid":{"rendered":"https:\/\/mwdesign.hu\/?post_type=product&#038;p=5344"},"modified":"2025-08-22T21:25:07","modified_gmt":"2025-08-22T21:25:07","slug":"rubio-monocoat-refresh-eco-olaj","status":"publish","type":"product","link":"https:\/\/mwdesign.hu\/en\/product\/rubio-monocoat-refresh-eco-olaj\/","title":{"rendered":"Rubio Monocoat Refresh ECO olaj"},"content":{"rendered":"<div data-elementor-type=\"product-post\" data-elementor-id=\"5344\" class=\"elementor elementor-5344\" data-elementor-post-type=\"product\">\n\t\t\t\t<div class=\"elementor-element elementor-element-a194b11 e-con-full e-flex e-con e-parent\" data-id=\"a194b11\" data-element_type=\"container\" data-e-type=\"container\">\n\t\t<div class=\"elementor-element elementor-element-8b0624f e-con-full e-flex e-con e-child\" data-id=\"8b0624f\" data-element_type=\"container\" data-e-type=\"container\">\n\t\t\t\t<div class=\"elementor-element elementor-element-ae23fb0 e-n-tabs-mobile elementor-widget elementor-widget-n-tabs\" data-id=\"ae23fb0\" data-element_type=\"widget\" data-e-type=\"widget\" data-settings=\"{&quot;horizontal_scroll&quot;:&quot;disable&quot;}\" data-widget_type=\"nested-tabs.default\">\n\t\t\t\t<div class=\"elementor-widget-container\">\n\t\t\t\t\t\t\t<div class=\"e-n-tabs\" data-widget-number=\"182599600\" aria-label=\"Tabs. Open items with Enter or Space, close with Escape and navigate using the Arrow keys.\">\n\t\t\t<div class=\"e-n-tabs-heading\" role=\"tablist\">\n\t\t\t\t\t<button id=\"e-n-tab-title-1825996001\" data-tab-title-id=\"e-n-tab-title-1825996001\" class=\"e-n-tab-title\" aria-selected=\"true\" data-tab-index=\"1\" role=\"tab\" tabindex=\"0\" aria-controls=\"e-n-tab-content-1825996001\" style=\"--n-tabs-title-order: 1;\">\n\t\t\t\t\t\t<span class=\"e-n-tab-title-text\">\n\t\t\t\tLe\u00edr\u00e1s \u00e9s Haszn\u00e1lati \u00fatmutat\u00f3\t\t\t<\/span>\n\t\t<\/button>\n\t\t\t\t\t<\/div>\n\t\t\t<div class=\"e-n-tabs-content\">\n\t\t\t\t<div id=\"e-n-tab-content-1825996001\" role=\"tabpanel\" aria-labelledby=\"e-n-tab-title-1825996001\" data-tab-index=\"1\" style=\"--n-tabs-title-order: 1;\" class=\"e-active elementor-element elementor-element-9d2e1ec e-flex e-con-boxed e-con e-child\" data-id=\"9d2e1ec\" data-element_type=\"container\" data-e-type=\"container\">\n\t\t\t\t\t<div class=\"e-con-inner\">\n\t\t\t\t<div class=\"elementor-element elementor-element-835e80b elementor-widget elementor-widget-text-editor\" data-id=\"835e80b\" data-element_type=\"widget\" data-e-type=\"widget\" data-widget_type=\"text-editor.default\">\n\t\t\t\t<div class=\"elementor-widget-container\">\n\t\t\t\t\t\t\t\t\t<ul><li><p>Az RMC Refresh Eco nem pigment\u00e1lt.\u00a0Az RMC Refresh Eco-t \u00e9vente t\u00f6bbsz\u00f6r is alkalmazhat\u00f3.<\/p><\/li><li>Otthoni haszn\u00e1lata is egyszer\u0171<\/li><li>A term\u00e9k haszn\u00e1lata sor\u00e1n javasoljuk keszty\u0171 visel\u00e9s\u00e9t.<\/li><li>Kiszerel\u00e9s: Ecospray 0,5 L and 1 L<\/li><\/ul>\t\t\t\t\t\t\t\t<\/div>\n\t\t\t\t<\/div>\n\t\t\t\t<div class=\"elementor-element elementor-element-5a47908 elementor-widget-divider--view-line elementor-widget elementor-widget-divider\" data-id=\"5a47908\" data-element_type=\"widget\" data-e-type=\"widget\" data-widget_type=\"divider.default\">\n\t\t\t\t<div class=\"elementor-widget-container\">\n\t\t\t\t\t\t\t<div class=\"elementor-divider\">\n\t\t\t<span class=\"elementor-divider-separator\">\n\t\t\t\t\t\t<\/span>\n\t\t<\/div>\n\t\t\t\t\t\t<\/div>\n\t\t\t\t<\/div>\n\t\t\t\t<div class=\"elementor-element elementor-element-a80f9c6 elementor-widget elementor-widget-heading\" data-id=\"a80f9c6\" data-element_type=\"widget\" data-e-type=\"widget\" data-widget_type=\"heading.default\">\n\t\t\t\t<div class=\"elementor-widget-container\">\n\t\t\t\t\t<h5 class=\"elementor-heading-title elementor-size-default\">Haszn\u00e1lati \u00fatmutat\u00f3:<\/h5>\t\t\t\t<\/div>\n\t\t\t\t<\/div>\n\t\t\t\t<div class=\"elementor-element elementor-element-2d515b4 elementor-widget elementor-widget-text-editor\" data-id=\"2d515b4\" data-element_type=\"widget\" data-e-type=\"widget\" data-widget_type=\"text-editor.default\">\n\t\t\t\t<div class=\"elementor-widget-container\">\n\t\t\t\t\t\t\t\t\t<ul><li>Tiszt\u00edtsa meg a kezelend\u0151 fel\u00fcletet, majd hagyja megsz\u00e1radni.<\/li><li>Permetezzen kev\u00e9s RMC Refresh Eco-t a kezelend\u0151 fel\u00fcletre.<\/li><li>Mikrosz\u00e1las kend\u0151vel oszlassa el a term\u00e9ket a fa rostjainak ir\u00e1ny\u00e1ban.<\/li><li>Hagyja sz\u00e1radni legal\u00e1bb 1 \u00f3r\u00e1n \u00e1t, miel\u0151tt \u00fajra haszn\u00e1ln\u00e1 a fel\u00fcletet.<\/li><\/ul>\t\t\t\t\t\t\t\t<\/div>\n\t\t\t\t<\/div>\n\t\t\t\t<div class=\"elementor-element elementor-element-c3c6c80 elementor-widget-divider--view-line elementor-widget elementor-widget-divider\" data-id=\"c3c6c80\" data-element_type=\"widget\" data-e-type=\"widget\" data-widget_type=\"divider.default\">\n\t\t\t\t<div class=\"elementor-widget-container\">\n\t\t\t\t\t\t\t<div class=\"elementor-divider\">\n\t\t\t<span class=\"elementor-divider-separator\">\n\t\t\t\t\t\t<\/span>\n\t\t<\/div>\n\t\t\t\t\t\t<\/div>\n\t\t\t\t<\/div>\n\t\t\t\t<div class=\"elementor-element elementor-element-42e8a5e elementor-widget elementor-widget-heading\" data-id=\"42e8a5e\" data-element_type=\"widget\" data-e-type=\"widget\" data-widget_type=\"heading.default\">\n\t\t\t\t<div class=\"elementor-widget-container\">\n\t\t\t\t\t<h5 class=\"elementor-heading-title elementor-size-default\">Tov\u00e1bbi inform\u00e1ci\u00f3k:<\/h5>\t\t\t\t<\/div>\n\t\t\t\t<\/div>\n\t\t\t\t<div class=\"elementor-element elementor-element-72e7af2 elementor-widget elementor-widget-text-editor\" data-id=\"72e7af2\" data-element_type=\"widget\" data-e-type=\"widget\" data-widget_type=\"text-editor.default\">\n\t\t\t\t<div class=\"elementor-widget-container\">\n\t\t\t\t\t\t\t\t\t<ul><li>Halmaz\u00e1llapot: foly\u00e9kony<\/li><li>Sz\u00edn: feh\u00e9r<\/li><li>Szag: jellegzetes<\/li><li>S\u0171r\u0171s\u00e9g: 1 kg\/L<\/li><\/ul><p><strong>T\u00e1rol\u00e1s<\/strong><br \/>A term\u00e9k sz\u00e1raz k\u00f6r\u00fclm\u00e9nyek k\u00f6z\u00f6tt \u00e9s eredeti csomagol\u00e1s\u00e1ban 12 h\u00f3napig t\u00e1rolhat\u00f3.<\/p>\t\t\t\t\t\t\t\t<\/div>\n\t\t\t\t<\/div>\n\t\t<div class=\"elementor-element elementor-element-584f69f e-con-full e-flex e-con e-child\" data-id=\"584f69f\" data-element_type=\"container\" data-e-type=\"container\">\n\t\t\t\t<div class=\"elementor-element elementor-element-04ff687 elementor-widget elementor-widget-heading\" data-id=\"04ff687\" data-element_type=\"widget\" data-e-type=\"widget\" data-widget_type=\"heading.default\">\n\t\t\t\t<div class=\"elementor-widget-container\">\n\t\t\t\t\t<h5 class=\"elementor-heading-title elementor-size-default\">Product care:<\/h5>\t\t\t\t<\/div>\n\t\t\t\t<\/div>\n\t\t\t\t<div class=\"elementor-element elementor-element-02cb9ab elementor-widget elementor-widget-text-editor\" data-id=\"02cb9ab\" data-element_type=\"widget\" data-e-type=\"widget\" data-widget_type=\"text-editor.default\">\n\t\t\t\t<div class=\"elementor-widget-container\">\n\t\t\t\t\t\t\t\t\t<p class=\"p1\"><span class=\"s1\">Product care recommendations<\/span><\/p><p class=\"p2\"><span class=\"s1\">Wood is a natural material that reacts to light, temperature, and humidity; over time, changes may occur that are visible on the surface of the wood. The oil finish on our products is food-safe and made from natural ingredients. You can use a damp cloth for cleaning. Avoid using household cleaning products. If you notice signs of wear on the treated surface, you can maintain it with <\/span><span class=\"s2\">Rubio Monocoat Refresh ECO<\/span><span class=\"s1\"> olajjal karbantarthatja, amely a weboldalunkon kaphat\u00f3.<\/span><\/p>\t\t\t\t\t\t\t\t<\/div>\n\t\t\t\t<\/div>\n\t\t\t\t<\/div>\n\t\t\t\t\t<\/div>\n\t\t\t\t<\/div>\n\t\t\t\t\t<\/div>\n\t\t<\/div>\n\t\t\t\t\t\t<\/div>\n\t\t\t\t<\/div>\n\t\t\t\t<\/div>\n\t\t\t\t<\/div>\n\t\t\t\t<\/div>","protected":false},"excerpt":{"rendered":"<p>A Rubio Monocoat Refresh Eco haszn\u00e1latra k\u00e9sz, permetezhet\u0151 term\u00e9k, amely\u00a0<strong>felfriss\u00edti \u00e9s helyre\u00e1ll\u00edtja az \u00f6sszes olajjal kezelt fa fel\u00fcletet<\/strong>. Akkor lehet r\u00e1 sz\u00fcks\u00e9g, ha a fa a kisz\u00e1rad\u00e1s jeleit mutatja, p\u00e9ld\u00e1ul kezd repedezni. A fel\u00fclet kop\u00e1s\u00e1nak m\u00e9rt\u00e9ke szerint az RMC Refresh Eco felhaszn\u00e1l\u00f3bar\u00e1t m\u00f3don felhordhat\u00f3 \u00e9s egy t\u00f6rl\u0151ruha seg\u00edts\u00e9g\u00e9vel k\u00f6nnyen eloszlathat\u00f3.<\/p>","protected":false},"featured_media":8766,"template":"","meta":{"_monsterinsights_skip_tracking":false,"_monsterinsights_sitenote_active":false,"_monsterinsights_sitenote_note":"","_monsterinsights_sitenote_category":0,"site-sidebar-layout":"default","site-content-layout":"","ast-site-content-layout":"default","site-content-style":"default","site-sidebar-style":"default","ast-global-header-display":"","ast-banner-title-visibility":"","ast-main-header-display":"","ast-hfb-above-header-display":"","ast-hfb-below-header-display":"","ast-hfb-mobile-header-display":"","site-post-title":"","ast-breadcrumbs-content":"","ast-featured-img":"","footer-sml-layout":"","ast-disable-related-posts":"","theme-transparent-header-meta":"default","adv-header-id-meta":"","stick-header-meta":"","header-above-stick-meta":"","header-main-stick-meta":"","header-below-stick-meta":"","astra-migrate-meta-layouts":"set","ast-page-background-enabled":"default","ast-page-background-meta":{"desktop":{"background-color":"var(--ast-global-color-4)","background-image":"","background-repeat":"repeat","background-position":"center center","background-size":"auto","background-attachment":"scroll","background-type":"","background-media":"","overlay-type":"","overlay-color":"","overlay-opacity":"","overlay-gradient":""},"tablet":{"background-color":"","background-image":"","background-repeat":"repeat","background-position":"center center","background-size":"auto","background-attachment":"scroll","background-type":"","background-media":"","overlay-type":"","overlay-color":"","overlay-opacity":"","overlay-gradient":""},"mobile":{"background-color":"","background-image":"","background-repeat":"repeat","background-position":"center center","background-size":"auto","background-attachment":"scroll","background-type":"","background-media":"","overlay-type":"","overlay-color":"","overlay-opacity":"","overlay-gradient":""}},"ast-content-background-meta":{"desktop":{"background-color":"var(--ast-global-color-5)","background-image":"","background-repeat":"repeat","background-position":"center center","background-size":"auto","background-attachment":"scroll","background-type":"","background-media":"","overlay-type":"","overlay-color":"","overlay-opacity":"","overlay-gradient":""},"tablet":{"background-color":"var(--ast-global-color-5)","background-image":"","background-repeat":"repeat","background-position":"center center","background-size":"auto","background-attachment":"scroll","background-type":"","background-media":"","overlay-type":"","overlay-color":"","overlay-opacity":"","overlay-gradient":""},"mobile":{"background-color":"var(--ast-global-color-5)","background-image":"","background-repeat":"repeat","background-position":"center center","background-size":"auto","background-attachment":"scroll","background-type":"","background-media":"","overlay-type":"","overlay-color":"","overlay-opacity":"","overlay-gradient":""}}},"product_brand":[162],"product_cat":[91],"product_tag":[],"class_list":{"0":"post-5344","1":"product","2":"type-product","3":"status-publish","4":"has-post-thumbnail","6":"product_brand-mwdesign","7":"product_cat-olajok","8":"desktop-align-left","9":"tablet-align-left","10":"mobile-align-left","12":"first","13":"instock","14":"shipping-taxable","15":"purchasable","16":"product-type-simple"},"aioseo_notices":[],"_links":{"self":[{"href":"https:\/\/mwdesign.hu\/en\/wp-json\/wp\/v2\/product\/5344","targetHints":{"allow":["GET"]}}],"collection":[{"href":"https:\/\/mwdesign.hu\/en\/wp-json\/wp\/v2\/product"}],"about":[{"href":"https:\/\/mwdesign.hu\/en\/wp-json\/wp\/v2\/types\/product"}],"version-history":[{"count":0,"href":"https:\/\/mwdesign.hu\/en\/wp-json\/wp\/v2\/product\/5344\/revisions"}],"wp:featuredmedia":[{"embeddable":true,"href":"https:\/\/mwdesign.hu\/en\/wp-json\/wp\/v2\/media\/8766"}],"wp:attachment":[{"href":"https:\/\/mwdesign.hu\/en\/wp-json\/wp\/v2\/media?parent=5344"}],"wp:term":[{"taxonomy":"product_brand","embeddable":true,"href":"https:\/\/mwdesign.hu\/en\/wp-json\/wp\/v2\/product_brand?post=5344"},{"taxonomy":"product_cat","embeddable":true,"href":"https:\/\/mwdesign.hu\/en\/wp-json\/wp\/v2\/product_cat?post=5344"},{"taxonomy":"product_tag","embeddable":true,"href":"https:\/\/mwdesign.hu\/en\/wp-json\/wp\/v2\/product_tag?post=5344"}],"curies":[{"name":"wp","href":"https:\/\/api.w.org\/{rel}","templated":true}]}}